{"id":53,"date":"2022-05-24T08:33:17","date_gmt":"2022-05-24T08:33:17","guid":{"rendered":"https:\/\/shopatazalea.com\/?page_id=53"},"modified":"2024-06-11T13:31:34","modified_gmt":"2024-06-11T20:31:34","slug":"about-us","status":"publish","type":"page","link":"https:\/\/visitesplanade.com\/es\/about-us\/","title":{"rendered":"About Us"},"content":{"rendered":"<p>[et_pb_section fb_built=&#8221;1&#8243; _builder_version=&#8221;4.17.3&#8243; _module_preset=&#8221;default&#8221; width=&#8221;100{dfff4297facf792e6290b8da5d7cb25c5ffc1f5cd116b78856aea9b3b2916910}&#8221; max_width=&#8221;100{dfff4297facf792e6290b8da5d7cb25c5ffc1f5cd116b78856aea9b3b2916910}&#8221; module_alignment=&#8221;left&#8221; min_height=&#8221;988.7px&#8221; custom_padding=&#8221;0px||0px|||&#8221; global_colors_info=&#8221;{}&#8221;][et_pb_row column_structure=&#8221;3_5,2_5&#8243; _builder_version=&#8221;4.17.3&#8243; _module_preset=&#8221;default&#8221; min_height=&#8221;928.7px&#8221; custom_padding=&#8221;80px||43px|||&#8221; global_colors_info=&#8221;{}&#8221;][et_pb_column type=&#8221;3_5&#8243; _builder_version=&#8221;4.17.3&#8243; _module_preset=&#8221;default&#8221; global_colors_info=&#8221;{}&#8221;][et_pb_image src=&#8221;https:\/\/visitesplanade.com\/wp-content\/uploads\/2024\/05\/esplanade-about-1.jpg&#8221; title_text=&#8221;esplanade-about-1&#8243; _builder_version=&#8221;4.25.0&#8243; _module_preset=&#8221;default&#8221; global_colors_info=&#8221;{}&#8221;][\/et_pb_image][et_pb_image src=&#8221;https:\/\/visitesplanade.com\/wp-content\/uploads\/2024\/05\/esplanade-about-2.jpg&#8221; title_text=&#8221;esplanade-about-2&#8243; _builder_version=&#8221;4.25.0&#8243; _module_preset=&#8221;default&#8221; global_colors_info=&#8221;{}&#8221;][\/et_pb_image][\/et_pb_column][et_pb_column type=&#8221;2_5&#8243; _builder_version=&#8221;4.17.3&#8243; _module_preset=&#8221;default&#8221; global_colors_info=&#8221;{}&#8221;][df_adh_heading title_prefix=&#8221;about us&#8221; _builder_version=&#8221;4.17.3&#8243; _module_preset=&#8221;default&#8221; title_level=&#8221;h1&#8243; title_text_align=&#8221;left&#8221; title_text_color=&#8221;#000000&#8243; title_font_size=&#8221;32px&#8221; t_prefix_text_align=&#8221;left&#8221; module_alignment=&#8221;left&#8221; custom_padding=&#8221;0px||||false|false&#8221; global_colors_info=&#8221;{}&#8221;][\/df_adh_heading][et_pb_text _builder_version=&#8221;4.17.3&#8243; _module_preset=&#8221;default&#8221; custom_padding=&#8221;0px|0px||0px|false|false&#8221; custom_padding_tablet=&#8221;0px||||false|false&#8221; custom_padding_phone=&#8221;0px||||false|false&#8221; custom_padding_last_edited=&#8221;on|desktop&#8221; global_colors_info=&#8221;{}&#8221;]<\/p>\n<p>Esplanade Shopping Center es un centro comercial al aire libre de estilo de vida, anclado por supermercado, con 34,800 m\u00b2 (375,000 pies cuadrados), ubicado en una zona de alto crecimiento con un perfil demogr\u00e1fico s\u00f3lido en Oxnard, California. Se sit\u00faa en la intersecci\u00f3n prominente de Oxnard Blvd. y Esplanade Dr., con m\u00e1s de 58,000 autos que transitan diariamente. El centro es de f\u00e1cil acceso desde la autopista 101 e incluye frente y se\u00f1alizaci\u00f3n visibles desde la autopista, que cuenta con un tr\u00e1fico de m\u00e1s de 137,000 autos por d\u00eda.<\/p>\n<p>Al otro lado de la autopista se encuentra The Collection at Riverpark, una comunidad planificada que incluye m\u00e1s de 4,000 unidades residenciales y comercios de destino. Adem\u00e1s, hay m\u00e1s de 2,500 unidades multifamiliares en construcci\u00f3n o planificadas para apoyar el r\u00e1pido crecimiento poblacional en los alrededores de la propiedad.<\/p>\n<p>Esplanade Shopping Center alberga tiendas ancla de primer nivel como Walmart Neighborhood Market, Home Depot, TJ Maxx, Nordstrom Rack, Bob\u2019s Discount Furniture y Dick\u2019s Sporting Goods. Tambi\u00e9n cuenta con tiendas y restaurantes reconocidos a nivel nacional, incluidos In-N-Out, Chipotle y BJ\u2019s Restaurant.<\/p>\n<p>[\/et_pb_text][\/et_pb_column][\/et_pb_row][\/et_pb_section]<\/p>","protected":false},"excerpt":{"rendered":"<p><div class=\"et_pb_module df_adh_heading df_adh_heading_0\">\n\t\t\t\t\n\t\t\t\t\n\t\t\t\t\n\t\t\t\t\n\t\t\t\t\n\t\t\t\t\n\t\t\t\t<div class=\"et_pb_module_inner\">\n\t\t\t\t\t<div class=\"df-heading-container\">\r\n                \r\n                \r\n                <h1 class=\"df-heading\"><span class=\"prefix\">Acerca de<\/span>  <\/h1>\r\n                \r\n            <\/div>\n\t\t\t\t<\/div>\n\t\t\t<\/div>Esplanade Shopping Center is a 375,000 square foot grocery-anchored, open-air lifestyle center located in a high-growth area with a strong demographic profile in Oxnard, CA, and is situated at the prominent intersection of Oxnard Blvd. and Esplanade Dr. with over 58,000 cars passing [&hellip;]<\/p>","protected":false},"author":1,"featured_media":0,"parent":0,"menu_order":0,"comment_status":"closed","ping_status":"closed","template":"","meta":{"_et_pb_use_builder":"on","_et_pb_old_content":"","_et_gb_content_width":"","footnotes":""},"class_list":["post-53","page","type-page","status-publish","hentry"],"_links":{"self":[{"href":"https:\/\/visitesplanade.com\/es\/wp-json\/wp\/v2\/pages\/53","targetHints":{"allow":["GET"]}}],"collection":[{"href":"https:\/\/visitesplanade.com\/es\/wp-json\/wp\/v2\/pages"}],"about":[{"href":"https:\/\/visitesplanade.com\/es\/wp-json\/wp\/v2\/types\/page"}],"author":[{"embeddable":true,"href":"https:\/\/visitesplanade.com\/es\/wp-json\/wp\/v2\/users\/1"}],"replies":[{"embeddable":true,"href":"https:\/\/visitesplanade.com\/es\/wp-json\/wp\/v2\/comments?post=53"}],"version-history":[{"count":16,"href":"https:\/\/visitesplanade.com\/es\/wp-json\/wp\/v2\/pages\/53\/revisions"}],"predecessor-version":[{"id":1184,"href":"https:\/\/visitesplanade.com\/es\/wp-json\/wp\/v2\/pages\/53\/revisions\/1184"}],"wp:attachment":[{"href":"https:\/\/visitesplanade.com\/es\/wp-json\/wp\/v2\/media?parent=53"}],"curies":[{"name":"wp","href":"https:\/\/api.w.org\/{rel}","templated":true}]}}